{"id":396,"date":"2015-09-03T10:09:20","date_gmt":"2015-09-03T10:09:20","guid":{"rendered":"http:\/\/happy-rider.ancorathemes.com\/?page_id=396"},"modified":"2020-09-20T00:45:05","modified_gmt":"2020-09-20T00:45:05","slug":"news","status":"publish","type":"page","link":"https:\/\/rc-stgeorg.de\/index.php\/news\/","title":{"rendered":"News"},"content":{"rendered":"<section class=\"wpb-content-wrapper\"><p>[vc_row][vc_column]<div class=\"sc_content content_wrap\"><div id=\"sc_blogger_209124935\" class=\"sc_blogger layout_excerpt template_excerpt  sc_blogger_horizontal no_description\">\t\t<div class=\"post_item post_item_excerpt post_featured_center post_format_standard odd post-5878 post type-post status-publish format-standard has-post-thumbnail hentry category-news\">\n\t\t\t<h5 class=\"post_title\"><a href=\"https:\/\/rc-stgeorg.de\/index.php\/2026\/03\/16\/spontaner-playday-fuer-dich-dein-pferd\/\">Spontaner Playday f\u00fcr dich &amp; dein Pferd!<\/a><\/h5>\t\t\t\t<div class=\"post_featured\">\n\t\t\t\t    <div class=\"post_thumb\" data-image=\"https:\/\/rc-stgeorg.de\/wp-content\/uploads\/2026\/03\/651074691_18079938695457451_525821830430648002_n.jpg\" data-title=\"Spontaner Playday f\u00fcr dich &amp; dein Pferd!\">\n        <a class=\"hover_icon hover_icon_link\" href=\"https:\/\/rc-stgeorg.de\/index.php\/2026\/03\/16\/spontaner-playday-fuer-dich-dein-pferd\/\"><img class=\"wp-post-image\" width=\"870\" height=\"490\" alt=\"Spontaner Playday f\u00fcr dich &amp; dein Pferd!\" src=\"https:\/\/rc-stgeorg.de\/wp-content\/uploads\/2026\/03\/651074691_18079938695457451_525821830430648002_n-1080x980.jpg\"><\/a>    <\/div>\n    \t\t\t\t<\/div>\n\t\t\t\t\n\t\t\t<div class=\"post_content clearfix\">\n\t\t\t\t\t\t\t\t\t\t<div class=\"post_info\">\n\t\t\t\t\t\t\t\t\t<span class=\"post_info_item post_info_posted\"><a href=\"https:\/\/rc-stgeorg.de\/index.php\/2026\/03\/16\/spontaner-playday-fuer-dich-dein-pferd\/\" class=\"post_info_date\">March 16, 2026<\/a><\/span>\n\t\t\t\t\t\t\t\t\t\t<span class=\"post_info_item post_info_counters\">\t<a class=\"post_counters_item post_counters_views icon-eye\" title=\"Views - 236\" href=\"https:\/\/rc-stgeorg.de\/index.php\/2026\/03\/16\/spontaner-playday-fuer-dich-dein-pferd\/\">236<\/a>\n\t<\/span>\n\t\t\t\t\t\t\t\t<\/div>\n\t\t\n\t\t\t\t<div class=\"post_descr\">\n\t\t\t\t<p>Lust auf Abwechslung und Training auf einer fremden Reitanlage? Wir laden euch herzlich zu unserem Playday am 29.03.2026 auf der Reitanlage Karsch ein! Egal ob zur Vorbereitung auf unser n\u00e4chstes<\/p><a href=\"https:\/\/rc-stgeorg.de\/index.php\/2026\/03\/16\/spontaner-playday-fuer-dich-dein-pferd\/\" class=\"sc_button sc_button_square sc_button_style_filled sc_button_size_small\">Weiterlesen<\/a>\t\t\t\t<\/div>\n\n\t\t\t<\/div>\t<!-- \/.post_content -->\n\n\t\t<\/div>\t<!-- \/.post_item -->\n\n\t\t\t<div class=\"post_item post_item_excerpt post_featured_center post_format_standard even post-5846 post type-post status-publish format-standard has-post-thumbnail hentry category-unkategorisiert\">\n\t\t\t<h5 class=\"post_title\"><a href=\"https:\/\/rc-stgeorg.de\/index.php\/2026\/03\/07\/test\/\">HELFERAUFRUF: Unser WBO-Turnier braucht DICH!<\/a><\/h5>\t\t\t\t<div class=\"post_featured\">\n\t\t\t\t    <div class=\"post_thumb\" data-image=\"https:\/\/rc-stgeorg.de\/wp-content\/uploads\/2026\/03\/420be55a-5ecb-440d-a67c-59afc0e10597.jpeg\" data-title=\"HELFERAUFRUF: Unser WBO-Turnier braucht DICH!\">\n        <a class=\"hover_icon hover_icon_link\" href=\"https:\/\/rc-stgeorg.de\/index.php\/2026\/03\/07\/test\/\"><img class=\"wp-post-image\" width=\"870\" height=\"490\" alt=\"HELFERAUFRUF: Unser WBO-Turnier braucht DICH!\" src=\"https:\/\/rc-stgeorg.de\/wp-content\/uploads\/2026\/03\/420be55a-5ecb-440d-a67c-59afc0e10597-1449x980.jpeg\"><\/a>    <\/div>\n    \t\t\t\t<\/div>\n\t\t\t\t\n\t\t\t<div class=\"post_content clearfix\">\n\t\t\t\t\t\t\t\t\t\t<div class=\"post_info\">\n\t\t\t\t\t\t\t\t\t<span class=\"post_info_item post_info_posted\"><a href=\"https:\/\/rc-stgeorg.de\/index.php\/2026\/03\/07\/test\/\" class=\"post_info_date\">March 7, 2026<\/a><\/span>\n\t\t\t\t\t\t\t\t\t\t<span class=\"post_info_item post_info_counters\">\t<a class=\"post_counters_item post_counters_views icon-eye\" title=\"Views - 408\" href=\"https:\/\/rc-stgeorg.de\/index.php\/2026\/03\/07\/test\/\">408<\/a>\n\t<\/span>\n\t\t\t\t\t\t\t\t<\/div>\n\t\t\n\t\t\t\t<div class=\"post_descr\">\n\t\t\t\t<p>Am 10.05.2026 ist es endlich soweit: Unser WBO-Turnier steht an! \ud83d\udc34\u2728Ein Tag voller strahlender Gesichter, motivierter Reiter:innen und tollem Sport \u2013 aber das funktioniert nur mit EUCH! \u2764\ufe0f Wir ben\u00f6tigen<\/p><a href=\"https:\/\/rc-stgeorg.de\/index.php\/2026\/03\/07\/test\/\" class=\"sc_button sc_button_square sc_button_style_filled sc_button_size_small\">Weiterlesen<\/a>\t\t\t\t<\/div>\n\n\t\t\t<\/div>\t<!-- \/.post_content -->\n\n\t\t<\/div>\t<!-- \/.post_item -->\n\n\t\t\t<div class=\"post_item post_item_excerpt post_featured_center post_format_standard odd post-5799 post type-post status-publish format-standard has-post-thumbnail hentry category-news\">\n\t\t\t<h5 class=\"post_title\"><a href=\"https:\/\/rc-stgeorg.de\/index.php\/2026\/03\/07\/5799\/\">Reitturnier-Alarm in M\u00f6nchengladbach!<\/a><\/h5>\t\t\t\t<div class=\"post_featured\">\n\t\t\t\t    <div class=\"post_thumb\" data-image=\"https:\/\/rc-stgeorg.de\/wp-content\/uploads\/2026\/03\/EF14CDBC-2AF0-4FEB-847D-B76D66F2891C.jpeg\" data-title=\"Reitturnier-Alarm in M\u00f6nchengladbach!\">\n        <a class=\"hover_icon hover_icon_link\" href=\"https:\/\/rc-stgeorg.de\/index.php\/2026\/03\/07\/5799\/\"><img class=\"wp-post-image\" width=\"870\" height=\"490\" alt=\"Reitturnier-Alarm in M\u00f6nchengladbach!\" src=\"https:\/\/rc-stgeorg.de\/wp-content\/uploads\/2026\/03\/EF14CDBC-2AF0-4FEB-847D-B76D66F2891C-1022x980.jpeg\"><\/a>    <\/div>\n    \t\t\t\t<\/div>\n\t\t\t\t\n\t\t\t<div class=\"post_content clearfix\">\n\t\t\t\t\t\t\t\t\t\t<div class=\"post_info\">\n\t\t\t\t\t\t\t\t\t<span class=\"post_info_item post_info_posted\"><a href=\"https:\/\/rc-stgeorg.de\/index.php\/2026\/03\/07\/5799\/\" class=\"post_info_date\">March 7, 2026<\/a><\/span>\n\t\t\t\t\t\t\t\t\t\t<span class=\"post_info_item post_info_counters\">\t<a class=\"post_counters_item post_counters_views icon-eye\" title=\"Views - 428\" href=\"https:\/\/rc-stgeorg.de\/index.php\/2026\/03\/07\/5799\/\">428<\/a>\n\t<\/span>\n\t\t\t\t\t\t\t\t<\/div>\n\t\t\n\t\t\t\t<div class=\"post_descr\">\n\t\t\t\t<p>Save the Date! Am 10. Mai 2026 hei\u00dft es auf der Reitanlage Karsch wieder: Reiter, an die Pferde! Der RC St. Georg G\u00fcnhoven l\u00e4dt zum WBO Dressur- &amp; Springturnier ein.<\/p><a href=\"https:\/\/rc-stgeorg.de\/index.php\/2026\/03\/07\/5799\/\" class=\"sc_button sc_button_square sc_button_style_filled sc_button_size_small\">Weiterlesen<\/a>\t\t\t\t<\/div>\n\n\t\t\t<\/div>\t<!-- \/.post_content -->\n\n\t\t<\/div>\t<!-- \/.post_item -->\n\n\t\t\t<div class=\"post_item post_item_excerpt post_featured_center post_format_standard even post-5680 post type-post status-publish format-standard has-post-thumbnail hentry category-unkategorisiert\">\n\t\t\t<h5 class=\"post_title\"><a href=\"https:\/\/rc-stgeorg.de\/index.php\/2025\/10\/07\/zeiteinteilung-grosses-guenhovener-reitturnier\/\">Gro\u00dfes G\u00fcnhovener Reitturnier<\/a><\/h5>\t\t\t\t<div class=\"post_featured\">\n\t\t\t\t    <div class=\"post_thumb\" data-image=\"https:\/\/rc-stgeorg.de\/wp-content\/uploads\/2025\/01\/Plakat_Grosses_Turnier_2025_A4-scaled.jpg\" data-title=\"Gro\u00dfes G\u00fcnhovener Reitturnier\">\n        <a class=\"hover_icon hover_icon_link\" href=\"https:\/\/rc-stgeorg.de\/index.php\/2025\/10\/07\/zeiteinteilung-grosses-guenhovener-reitturnier\/\"><img class=\"wp-post-image\" width=\"870\" height=\"490\" alt=\"Gro\u00dfes G\u00fcnhovener Reitturnier\" src=\"https:\/\/rc-stgeorg.de\/wp-content\/uploads\/2025\/01\/Plakat_Grosses_Turnier_2025_A4-scaled-1740x980.jpg\"><\/a>    <\/div>\n    \t\t\t\t<\/div>\n\t\t\t\t\n\t\t\t<div class=\"post_content clearfix\">\n\t\t\t\t\t\t\t\t\t\t<div class=\"post_info\">\n\t\t\t\t\t\t\t\t\t<span class=\"post_info_item post_info_posted\"><a href=\"https:\/\/rc-stgeorg.de\/index.php\/2025\/10\/07\/zeiteinteilung-grosses-guenhovener-reitturnier\/\" class=\"post_info_date\">October 7, 2025<\/a><\/span>\n\t\t\t\t\t\t\t\t\t\t<span class=\"post_info_item post_info_counters\">\t<a class=\"post_counters_item post_counters_views icon-eye\" title=\"Views - 1654\" href=\"https:\/\/rc-stgeorg.de\/index.php\/2025\/10\/07\/zeiteinteilung-grosses-guenhovener-reitturnier\/\">1654<\/a>\n\t<\/span>\n\t\t\t\t\t\t\t\t<\/div>\n\t\t\n\t\t\t\t<div class=\"post_descr\">\n\t\t\t\t<p>Starterlisten und Ergebnisse findet ihr hier: https:\/\/results.equi-score.de\/event\/2025\/31798\/de Das Abhaken \u00fcber equiscore ist seit gestern m\u00f6glich und wurde schon toll genutzt \ud83d\ude42 Beachtet den Meldeschluss am Vortag, danach k\u00f6nnen keine...<\/p><a href=\"https:\/\/rc-stgeorg.de\/index.php\/2025\/10\/07\/zeiteinteilung-grosses-guenhovener-reitturnier\/\" class=\"sc_button sc_button_square sc_button_style_filled sc_button_size_small\">Weiterlesen<\/a>\t\t\t\t<\/div>\n\n\t\t\t<\/div>\t<!-- \/.post_content -->\n\n\t\t<\/div>\t<!-- \/.post_item -->\n\n\t\t\t<div class=\"post_item post_item_excerpt post_featured_center post_format_standard odd post-5653 post type-post status-publish format-standard has-post-thumbnail hentry category-unkategorisiert\">\n\t\t\t<h5 class=\"post_title\"><a href=\"https:\/\/rc-stgeorg.de\/index.php\/2025\/08\/29\/working-equitation-lehrgang-mit-marc-rose\/\">Working Equitation Lehrgang mit Marc Rose<\/a><\/h5>\t\t\t\t<div class=\"post_featured\">\n\t\t\t\t    <div class=\"post_thumb\" data-image=\"https:\/\/rc-stgeorg.de\/wp-content\/uploads\/2025\/08\/e1d13e64-2fa0-4800-af69-08e0fbbacac4.jpeg\" data-title=\"Working Equitation Lehrgang mit Marc Rose\">\n        <a class=\"hover_icon hover_icon_link\" href=\"https:\/\/rc-stgeorg.de\/index.php\/2025\/08\/29\/working-equitation-lehrgang-mit-marc-rose\/\"><img class=\"wp-post-image\" width=\"870\" height=\"490\" alt=\"Working Equitation Lehrgang mit Marc Rose\" src=\"https:\/\/rc-stgeorg.de\/wp-content\/uploads\/2025\/08\/e1d13e64-2fa0-4800-af69-08e0fbbacac4-1080x980.jpeg\"><\/a>    <\/div>\n    \t\t\t\t<\/div>\n\t\t\t\t\n\t\t\t<div class=\"post_content clearfix\">\n\t\t\t\t\t\t\t\t\t\t<div class=\"post_info\">\n\t\t\t\t\t\t\t\t\t<span class=\"post_info_item post_info_posted\"><a href=\"https:\/\/rc-stgeorg.de\/index.php\/2025\/08\/29\/working-equitation-lehrgang-mit-marc-rose\/\" class=\"post_info_date\">August 29, 2025<\/a><\/span>\n\t\t\t\t\t\t\t\t\t\t<span class=\"post_info_item post_info_counters\">\t<a class=\"post_counters_item post_counters_views icon-eye\" title=\"Views - 1372\" href=\"https:\/\/rc-stgeorg.de\/index.php\/2025\/08\/29\/working-equitation-lehrgang-mit-marc-rose\/\">1372<\/a>\n\t<\/span>\n\t\t\t\t\t\t\t\t<\/div>\n\t\t\n\t\t\t\t<div class=\"post_descr\">\n\t\t\t\t<p>\ud83d\udccd&nbsp;20. &amp; 21. September 2025&nbsp;| Reitanlage Familie Karsch Zum dritten Mal ist Marc Rose bei uns.&nbsp; Der Lehrgang bietet sich vor allem f\u00fcr Einsteiger im Working Equitation-Bereich an. Trainert werden<\/p><a href=\"https:\/\/rc-stgeorg.de\/index.php\/2025\/08\/29\/working-equitation-lehrgang-mit-marc-rose\/\" class=\"sc_button sc_button_square sc_button_style_filled sc_button_size_small\">Weiterlesen<\/a>\t\t\t\t<\/div>\n\n\t\t\t<\/div>\t<!-- \/.post_content -->\n\n\t\t<\/div>\t<!-- \/.post_item -->\n\n\t\t\t<div class=\"post_item post_item_excerpt post_featured_center post_format_standard even post-5641 post type-post status-publish format-standard hentry category-unkategorisiert\">\n\t\t\t<h5 class=\"post_title\"><a href=\"https:\/\/rc-stgeorg.de\/index.php\/2025\/08\/22\/ausschreibung-grosses-guenhovener-reitturnier\/\">Ausschreibung Gro\u00dfes G\u00fcnhovener Reitturnier<\/a><\/h5>\t\n\t\t\t<div class=\"post_content clearfix\">\n\t\t\t\t\t\t\t\t\t\t<div class=\"post_info\">\n\t\t\t\t\t\t\t\t\t<span class=\"post_info_item post_info_posted\"><a href=\"https:\/\/rc-stgeorg.de\/index.php\/2025\/08\/22\/ausschreibung-grosses-guenhovener-reitturnier\/\" class=\"post_info_date\">August 22, 2025<\/a><\/span>\n\t\t\t\t\t\t\t\t\t\t<span class=\"post_info_item post_info_counters\">\t<a class=\"post_counters_item post_counters_views icon-eye\" title=\"Views - 1562\" href=\"https:\/\/rc-stgeorg.de\/index.php\/2025\/08\/22\/ausschreibung-grosses-guenhovener-reitturnier\/\">1562<\/a>\n\t<\/span>\n\t\t\t\t\t\t\t\t<\/div>\n\t\t\n\t\t\t\t<div class=\"post_descr\">\n\t\t\t\t<p>AusschreibungHerunterladen<\/p><a href=\"https:\/\/rc-stgeorg.de\/index.php\/2025\/08\/22\/ausschreibung-grosses-guenhovener-reitturnier\/\" class=\"sc_button sc_button_square sc_button_style_filled sc_button_size_small\">Weiterlesen<\/a>\t\t\t\t<\/div>\n\n\t\t\t<\/div>\t<!-- \/.post_content -->\n\n\t\t<\/div>\t<!-- \/.post_item -->\n\n\t\t\t<div class=\"post_item post_item_excerpt post_featured_center post_format_standard odd post-5588 post type-post status-publish format-standard has-post-thumbnail hentry category-unkategorisiert\">\n\t\t\t<h5 class=\"post_title\"><a href=\"https:\/\/rc-stgeorg.de\/index.php\/2025\/08\/07\/lehrgang-mit-sergio-teruel\/\">Lehrgang mit Sergio Teruel<\/a><\/h5>\t\t\t\t<div class=\"post_featured\">\n\t\t\t\t    <div class=\"post_thumb\" data-image=\"https:\/\/rc-stgeorg.de\/wp-content\/uploads\/2025\/08\/528668051_18057102011457451_8870673378121951224_n.webp.jpeg\" data-title=\"Lehrgang mit Sergio Teruel\">\n        <a class=\"hover_icon hover_icon_link\" href=\"https:\/\/rc-stgeorg.de\/index.php\/2025\/08\/07\/lehrgang-mit-sergio-teruel\/\"><img class=\"wp-post-image\" width=\"870\" height=\"490\" alt=\"Lehrgang mit Sergio Teruel\" src=\"https:\/\/rc-stgeorg.de\/wp-content\/uploads\/2025\/08\/528668051_18057102011457451_8870673378121951224_n.webp-1440x980.jpeg\"><\/a>    <\/div>\n    \t\t\t\t<\/div>\n\t\t\t\t\n\t\t\t<div class=\"post_content clearfix\">\n\t\t\t\t\t\t\t\t\t\t<div class=\"post_info\">\n\t\t\t\t\t\t\t\t\t<span class=\"post_info_item post_info_posted\"><a href=\"https:\/\/rc-stgeorg.de\/index.php\/2025\/08\/07\/lehrgang-mit-sergio-teruel\/\" class=\"post_info_date\">August 7, 2025<\/a><\/span>\n\t\t\t\t\t\t\t\t\t\t<span class=\"post_info_item post_info_counters\">\t<a class=\"post_counters_item post_counters_views icon-eye\" title=\"Views - 946\" href=\"https:\/\/rc-stgeorg.de\/index.php\/2025\/08\/07\/lehrgang-mit-sergio-teruel\/\">946<\/a>\n\t<\/span>\n\t\t\t\t\t\t\t\t<\/div>\n\t\t\n\t\t\t\t<div class=\"post_descr\">\n\t\t\t\t<p>Der Lehrgang muss leider abgesagt werden und wird im n\u00e4chsten Jahr erneut ausgeschrieben. &nbsp;06. &amp; 07. September 2025&nbsp;| Reitanlage Familie Karsch Zum ersten Mal bei uns:&nbsp;Sergio Teruel, bekannt f\u00fcr seine<\/p><a href=\"https:\/\/rc-stgeorg.de\/index.php\/2025\/08\/07\/lehrgang-mit-sergio-teruel\/\" class=\"sc_button sc_button_square sc_button_style_filled sc_button_size_small\">Weiterlesen<\/a>\t\t\t\t<\/div>\n\n\t\t\t<\/div>\t<!-- \/.post_content -->\n\n\t\t<\/div>\t<!-- \/.post_item -->\n\n\t\t\t<div class=\"post_item post_item_excerpt post_featured_center post_format_standard even post-5517 post type-post status-publish format-standard has-post-thumbnail hentry category-news\">\n\t\t\t<h5 class=\"post_title\"><a href=\"https:\/\/rc-stgeorg.de\/index.php\/2025\/06\/17\/save-the-date-27-07-2025\/\">Save the Date: 27.07.2025<\/a><\/h5>\t\t\t\t<div class=\"post_featured\">\n\t\t\t\t    <div class=\"post_thumb\" data-image=\"https:\/\/rc-stgeorg.de\/wp-content\/uploads\/2025\/06\/Hochzeitsablauf-Plan-Einladung-Icons-Minimalist-Weiss-Schwarz.png\" data-title=\"Save the Date: 27.07.2025\">\n        <a class=\"hover_icon hover_icon_link\" href=\"https:\/\/rc-stgeorg.de\/index.php\/2025\/06\/17\/save-the-date-27-07-2025\/\"><img class=\"wp-post-image\" width=\"870\" height=\"490\" alt=\"Save the Date: 27.07.2025\" src=\"https:\/\/rc-stgeorg.de\/wp-content\/uploads\/2025\/06\/Hochzeitsablauf-Plan-Einladung-Icons-Minimalist-Weiss-Schwarz-1241x980.png\"><\/a>    <\/div>\n    \t\t\t\t<\/div>\n\t\t\t\t\n\t\t\t<div class=\"post_content clearfix\">\n\t\t\t\t\t\t\t\t\t\t<div class=\"post_info\">\n\t\t\t\t\t\t\t\t\t<span class=\"post_info_item post_info_posted\"><a href=\"https:\/\/rc-stgeorg.de\/index.php\/2025\/06\/17\/save-the-date-27-07-2025\/\" class=\"post_info_date\">June 17, 2025<\/a><\/span>\n\t\t\t\t\t\t\t\t\t\t<span class=\"post_info_item post_info_counters\">\t<a class=\"post_counters_item post_counters_views icon-eye\" title=\"Views - 1016\" href=\"https:\/\/rc-stgeorg.de\/index.php\/2025\/06\/17\/save-the-date-27-07-2025\/\">1016<\/a>\n\t<\/span>\n\t\t\t\t\t\t\t\t<\/div>\n\t\t\n\t\t\t\t<div class=\"post_descr\">\n\t\t\t\t<p>Update: die Veranstaltung muss aufgrund mangelnder Teilnehmerzahl leider abgesagt werden \ud83d\ude22 Am Sonntag, den 27. Juli, ist bei uns richtig was los auf der Reitanlage Karsch! \ud83d\udccd 14:00 Uhr \u2013<\/p><a href=\"https:\/\/rc-stgeorg.de\/index.php\/2025\/06\/17\/save-the-date-27-07-2025\/\" class=\"sc_button sc_button_square sc_button_style_filled sc_button_size_small\">Weiterlesen<\/a>\t\t\t\t<\/div>\n\n\t\t\t<\/div>\t<!-- \/.post_content -->\n\n\t\t<\/div>\t<!-- \/.post_item -->\n\n\t\t\t<div class=\"post_item post_item_excerpt post_featured_center post_format_standard odd post-5456 post type-post status-publish format-standard has-post-thumbnail hentry category-news\">\n\t\t\t<h5 class=\"post_title\"><a href=\"https:\/\/rc-stgeorg.de\/index.php\/2025\/06\/06\/impressionen-wbo-turnier-2-0\/\">Impressionen WBO-Turnier 2.0<\/a><\/h5>\t\t\t\t<div class=\"post_featured\">\n\t\t\t\t    <div class=\"post_thumb\" data-image=\"https:\/\/rc-stgeorg.de\/wp-content\/uploads\/2025\/06\/503290367_18050852810457451_9002391719649696406_n.jpg\" data-title=\"Impressionen WBO-Turnier 2.0\">\n        <a class=\"hover_icon hover_icon_link\" href=\"https:\/\/rc-stgeorg.de\/index.php\/2025\/06\/06\/impressionen-wbo-turnier-2-0\/\"><img class=\"wp-post-image\" width=\"870\" height=\"490\" alt=\"Impressionen WBO-Turnier 2.0\" src=\"https:\/\/rc-stgeorg.de\/wp-content\/uploads\/2025\/06\/503290367_18050852810457451_9002391719649696406_n-1440x980.jpg\"><\/a>    <\/div>\n    \t\t\t\t<\/div>\n\t\t\t\t\n\t\t\t<div class=\"post_content clearfix\">\n\t\t\t\t\t\t\t\t\t\t<div class=\"post_info\">\n\t\t\t\t\t\t\t\t\t<span class=\"post_info_item post_info_posted\"><a href=\"https:\/\/rc-stgeorg.de\/index.php\/2025\/06\/06\/impressionen-wbo-turnier-2-0\/\" class=\"post_info_date\">June 6, 2025<\/a><\/span>\n\t\t\t\t\t\t\t\t\t\t<span class=\"post_info_item post_info_counters\">\t<a class=\"post_counters_item post_counters_views icon-eye\" title=\"Views - 1212\" href=\"https:\/\/rc-stgeorg.de\/index.php\/2025\/06\/06\/impressionen-wbo-turnier-2-0\/\">1212<\/a>\n\t<\/span>\n\t\t\t\t\t\t\t\t<\/div>\n\t\t\n\t\t\t\t<div class=\"post_descr\">\n\t\t\t\t<p>WBO-Turnier-Vibes im Mai Strahlender Sonnenschein, aufgeregte Ponys und ganz viel Herzklopfen \u2013 besser geht\u2019s nicht! Von F\u00fchrz\u00fcgel bis E-Dressur, Stilspringwettbewerb und erstmalig einer gef\u00fchrten Gelassenheitspr\u00fcfung war alles dabei \u2013 fairer<\/p><a href=\"https:\/\/rc-stgeorg.de\/index.php\/2025\/06\/06\/impressionen-wbo-turnier-2-0\/\" class=\"sc_button sc_button_square sc_button_style_filled sc_button_size_small\">Weiterlesen<\/a>\t\t\t\t<\/div>\n\n\t\t\t<\/div>\t<!-- \/.post_content -->\n\n\t\t<\/div>\t<!-- \/.post_item -->\n\n\t\t\t<div class=\"post_item post_item_excerpt post_featured_center post_format_standard even post-5346 post type-post status-publish format-standard has-post-thumbnail hentry category-news\">\n\t\t\t<h5 class=\"post_title\"><a href=\"https:\/\/rc-stgeorg.de\/index.php\/2025\/06\/06\/impressionen-vom-wbo-turnier\/\">Impressionen vom WBO-Turnier<\/a><\/h5>\t\t\t\t<div class=\"post_featured\">\n\t\t\t\t    <div class=\"post_thumb\" data-image=\"https:\/\/rc-stgeorg.de\/wp-content\/uploads\/2025\/06\/cf9802f2-fd8a-4591-8d68-79b5581a4251.jpg\" data-title=\"Impressionen vom WBO-Turnier\">\n        <a class=\"hover_icon hover_icon_link\" href=\"https:\/\/rc-stgeorg.de\/index.php\/2025\/06\/06\/impressionen-vom-wbo-turnier\/\"><img class=\"wp-post-image\" width=\"870\" height=\"490\" alt=\"Impressionen vom WBO-Turnier\" src=\"https:\/\/rc-stgeorg.de\/wp-content\/uploads\/2025\/06\/cf9802f2-fd8a-4591-8d68-79b5581a4251-1557x980.jpg\"><\/a>    <\/div>\n    \t\t\t\t<\/div>\n\t\t\t\t\n\t\t\t<div class=\"post_content clearfix\">\n\t\t\t\t\t\t\t\t\t\t<div class=\"post_info\">\n\t\t\t\t\t\t\t\t\t<span class=\"post_info_item post_info_posted\"><a href=\"https:\/\/rc-stgeorg.de\/index.php\/2025\/06\/06\/impressionen-vom-wbo-turnier\/\" class=\"post_info_date\">June 6, 2025<\/a><\/span>\n\t\t\t\t\t\t\t\t\t\t<span class=\"post_info_item post_info_counters\">\t<a class=\"post_counters_item post_counters_views icon-eye\" title=\"Views - 1251\" href=\"https:\/\/rc-stgeorg.de\/index.php\/2025\/06\/06\/impressionen-vom-wbo-turnier\/\">1251<\/a>\n\t<\/span>\n\t\t\t\t\t\t\t\t<\/div>\n\t\t\n\t\t\t\t<div class=\"post_descr\">\n\t\t\t\t<p>Danke f\u00fcr die Fotos: Simone Schwob<\/p><a href=\"https:\/\/rc-stgeorg.de\/index.php\/2025\/06\/06\/impressionen-vom-wbo-turnier\/\" class=\"sc_button sc_button_square sc_button_style_filled sc_button_size_small\">Weiterlesen<\/a>\t\t\t\t<\/div>\n\n\t\t\t<\/div>\t<!-- \/.post_content -->\n\n\t\t<\/div>\t<!-- \/.post_item -->\n\n\t\t\t<div class=\"post_item post_item_excerpt post_featured_center post_format_standard odd post-5329 post type-post status-publish format-standard hentry category-unkategorisiert\">\n\t\t\t<h5 class=\"post_title\"><a href=\"https:\/\/rc-stgeorg.de\/index.php\/2025\/05\/13\/teilnehmerverzeichnis\/\">Teilnehmerverzeichnis<\/a><\/h5>\t\n\t\t\t<div class=\"post_content clearfix\">\n\t\t\t\t\t\t\t\t\t\t<div class=\"post_info\">\n\t\t\t\t\t\t\t\t\t<span class=\"post_info_item post_info_posted\"><a href=\"https:\/\/rc-stgeorg.de\/index.php\/2025\/05\/13\/teilnehmerverzeichnis\/\" class=\"post_info_date\">May 13, 2025<\/a><\/span>\n\t\t\t\t\t\t\t\t\t\t<span class=\"post_info_item post_info_counters\">\t<a class=\"post_counters_item post_counters_views icon-eye\" title=\"Views - 2078\" href=\"https:\/\/rc-stgeorg.de\/index.php\/2025\/05\/13\/teilnehmerverzeichnis\/\">2078<\/a>\n\t<\/span>\n\t\t\t\t\t\t\t\t<\/div>\n\t\t\n\t\t\t\t<div class=\"post_descr\">\n\t\t\t\t<p>TeilnehmerverzeichnisHerunterladen<\/p><a href=\"https:\/\/rc-stgeorg.de\/index.php\/2025\/05\/13\/teilnehmerverzeichnis\/\" class=\"sc_button sc_button_square sc_button_style_filled sc_button_size_small\">Weiterlesen<\/a>\t\t\t\t<\/div>\n\n\t\t\t<\/div>\t<!-- \/.post_content -->\n\n\t\t<\/div>\t<!-- \/.post_item -->\n\n\t\t\t<div class=\"post_item post_item_excerpt post_featured_center post_format_standard even last post-5319 post type-post status-publish format-standard has-post-thumbnail hentry category-news\">\n\t\t\t<h5 class=\"post_title\"><a href=\"https:\/\/rc-stgeorg.de\/index.php\/2025\/05\/10\/zeiteinteilung-wbo-turnier-3\/\">Zeiteinteilung WBO-Turnier<\/a><\/h5>\t\t\t\t<div class=\"post_featured\">\n\t\t\t\t    <div class=\"post_thumb\" data-image=\"https:\/\/rc-stgeorg.de\/wp-content\/uploads\/2025\/05\/ZE_WBO_2025-scaled.jpg\" data-title=\"Zeiteinteilung WBO-Turnier\">\n        <a class=\"hover_icon hover_icon_link\" href=\"https:\/\/rc-stgeorg.de\/index.php\/2025\/05\/10\/zeiteinteilung-wbo-turnier-3\/\"><img class=\"wp-post-image\" width=\"870\" height=\"490\" alt=\"Zeiteinteilung WBO-Turnier\" src=\"https:\/\/rc-stgeorg.de\/wp-content\/uploads\/2025\/05\/ZE_WBO_2025-scaled-1740x980.jpg\"><\/a>    <\/div>\n    \t\t\t\t<\/div>\n\t\t\t\t\n\t\t\t<div class=\"post_content clearfix\">\n\t\t\t\t\t\t\t\t\t\t<div class=\"post_info\">\n\t\t\t\t\t\t\t\t\t<span class=\"post_info_item post_info_posted\"><a href=\"https:\/\/rc-stgeorg.de\/index.php\/2025\/05\/10\/zeiteinteilung-wbo-turnier-3\/\" class=\"post_info_date\">May 10, 2025<\/a><\/span>\n\t\t\t\t\t\t\t\t\t\t<span class=\"post_info_item post_info_counters\">\t<a class=\"post_counters_item post_counters_views icon-eye\" title=\"Views - 1944\" href=\"https:\/\/rc-stgeorg.de\/index.php\/2025\/05\/10\/zeiteinteilung-wbo-turnier-3\/\">1944<\/a>\n\t<\/span>\n\t\t\t\t\t\t\t\t<\/div>\n\t\t\n\t\t\t\t<div class=\"post_descr\">\n\t\t\t\t<p>Meldeschluss f\u00fcr alle Pr\u00fcfungen ist am Samstag! Die Starterlisten werden im Anschluss online ver\u00f6ffentlicht.<\/p><a href=\"https:\/\/rc-stgeorg.de\/index.php\/2025\/05\/10\/zeiteinteilung-wbo-turnier-3\/\" class=\"sc_button sc_button_square sc_button_style_filled sc_button_size_small\">Weiterlesen<\/a>\t\t\t\t<\/div>\n\n\t\t\t<\/div>\t<!-- \/.post_content -->\n\n\t\t<\/div>\t<!-- \/.post_item -->\n\n\t<\/div><\/div>[\/vc_column][\/vc_row]<\/p>\n<\/section>","protected":false},"excerpt":{"rendered":"<p>[vc_row][vc_column][\/vc_column][\/vc_row]<\/p>\n","protected":false},"author":1,"featured_media":0,"parent":0,"menu_order":0,"comment_status":"closed","ping_status":"closed","template":"","meta":[],"_links":{"self":[{"href":"https:\/\/rc-stgeorg.de\/index.php\/wp-json\/wp\/v2\/pages\/396"}],"collection":[{"href":"https:\/\/rc-stgeorg.de\/index.php\/wp-json\/wp\/v2\/pages"}],"about":[{"href":"https:\/\/rc-stgeorg.de\/index.php\/wp-json\/wp\/v2\/types\/page"}],"author":[{"embeddable":true,"href":"https:\/\/rc-stgeorg.de\/index.php\/wp-json\/wp\/v2\/users\/1"}],"replies":[{"embeddable":true,"href":"https:\/\/rc-stgeorg.de\/index.php\/wp-json\/wp\/v2\/comments?post=396"}],"version-history":[{"count":4,"href":"https:\/\/rc-stgeorg.de\/index.php\/wp-json\/wp\/v2\/pages\/396\/revisions"}],"predecessor-version":[{"id":1347,"href":"https:\/\/rc-stgeorg.de\/index.php\/wp-json\/wp\/v2\/pages\/396\/revisions\/1347"}],"wp:attachment":[{"href":"https:\/\/rc-stgeorg.de\/index.php\/wp-json\/wp\/v2\/media?parent=396"}],"curies":[{"name":"wp","href":"https:\/\/api.w.org\/{rel}","templated":true}]}}