{"id":293,"date":"2015-09-01T08:17:23","date_gmt":"2015-09-01T08:17:23","guid":{"rendered":"http:\/\/happy-rider.ancorathemes.com\/?page_id=293"},"modified":"2022-03-11T10:51:58","modified_gmt":"2022-03-11T10:51:58","slug":"mitgliedschaft","status":"publish","type":"page","link":"https:\/\/rc-stgeorg.de\/index.php\/mitgliedschaft\/","title":{"rendered":"Mitgliedschaft"},"content":{"rendered":"<section class=\"wpb-content-wrapper\"><p>[vc_row full_width=&#8221;stretch_row&#8221; parallax=&#8221;content-moving&#8221; css=&#8221;.vc_custom_1599986361182{margin-top: -40px !important;background-color: #ffffff !important;}&#8221;][vc_column]<div class=\"sc_content content_wrap\" style=\"margin-top:4.3em !important;margin-bottom:6.15em !important;\"><h5 class=\"sc_title sc_title_underline sc_align_center\" style=\"margin-bottom:0.45em;text-align:center;color:#000000;\">Mitglied werden<\/h5>[vc_column_text]<\/p>\n<p style=\"line-height: 1.882; text-align: center;\">Aus rechtlichen Gr\u00fcnden kann leider keine Anmeldung direkt per Internet erfolgen.<br \/>\nSie k\u00f6nnen jedoch gerne unseren Aufnahmeantrag als\u00a0<a href=\"https:\/\/rc-stgeorg.de\/files\/Aufnahmeantrag_2018.pdf\">PDF-Datei\u00a0<\/a>zum Ausdrucken nutzen.<\/p>\n<p style=\"text-align: center;\">Wir w\u00fcrden uns freuen Sie bald als neues Vereinsmitglied in unseren Reihen begr\u00fc\u00dfen zu d\u00fcrfen.<\/p>\n<p>&nbsp;<\/p>\n<p style=\"text-align: center;\">Bankverbindung:\u00a0Volksbank M\u00f6nchengladbach<br \/>\nBLZ: 310 605 17<br \/>\nKontonummer: 2007204011<br \/>\nIBAN: DE30 3106 0517 2007 2040 11<br \/>\nBIC: GENODED1MRB<\/p>\n<p>[\/vc_column_text][vc_empty_space]<div class=\"columns_wrap sc_columns columns_nofluid sc_columns_count_2\"><div class=\"column-1_2 sc_column_item sc_column_item_1 odd first\"><a href=\"https:\/\/rc-stgeorg.de\/wp-content\/uploads\/2020\/09\/Aufnahmeantrag_2018.pdf\" target=\"_blank\" class=\"sc_button sc_button_square sc_button_style_filled sc_button_size_medium alignright\" style=\"width:150px;\">Aufnahmeantrag<\/a><\/div><div class=\"column-1_2 sc_column_item sc_column_item_2 even\"><a href=\"https:\/\/rc-stgeorg.de\/wp-content\/uploads\/2020\/09\/Satzung2014.pdf\" target=\"_blank\" class=\"sc_button sc_button_square sc_button_style_filled sc_button_size_medium alignleft\" style=\"width:150px;\">Satzung<\/a><\/div><\/div><\/div>[\/vc_column][\/vc_row][vc_row full_width=&#8221;stretch_row&#8221; parallax=&#8221;content-moving&#8221;][vc_column]<div class=\"sc_content content_wrap\" style=\"margin-top:3.45em !important;margin-bottom:4em !important;\"><h5 class=\"sc_title sc_title_underline sc_align_center\" style=\"text-align:center;\">Beitr\u00e4ge<\/h5><div class=\"columns_wrap sc_columns columns_nofluid sc_columns_count_4\"><div class=\"column-1_4 sc_column_item sc_column_item_1 odd first\"><div class=\"sc_price_block sc_price_block_style_1\"><div class=\"sc_price_block_title\">Erwachsene<\/div><div class=\"sc_price_block_money\"><div class=\"sc_price\"><span class=\"sc_price_currency\">46<\/span><span class=\"sc_price_money\">\u20ac<\/span><span class=\"sc_price_period\">pro Jahr<\/span><\/div><\/div><div class=\"sc_price_block_description\">+ einm. Aufnahmegeb\u00fchr: 46,00 Euro<\/div><\/div><\/div><div class=\"column-1_4 sc_column_item sc_column_item_2 even\"><div class=\"sc_price_block sc_price_block_style_1\"><div class=\"sc_price_block_title\">Sch\u00fcler \/ Studenten<\/div><div class=\"sc_price_block_money\"><div class=\"sc_price\"><span class=\"sc_price_currency\">36<\/span><span class=\"sc_price_money\">\u20ac<\/span><span class=\"sc_price_period\">pro Jahr<\/span><\/div><\/div><div class=\"sc_price_block_description\">+ einm. Aufnahmegeb\u00fchr: 46,00 Euro<br \/>\n(ein Nachweis muss vor dem 1.1. unaufgefordert eingereicht werden)<\/div><\/div><\/div><div class=\"column-1_4 sc_column_item sc_column_item_3 odd\"><div class=\"sc_price_block sc_price_block_style_1\"><div class=\"sc_price_block_title\">Jugendliche (14-17)<\/div><div class=\"sc_price_block_money\"><div class=\"sc_price\"><span class=\"sc_price_currency\">28<\/span><span class=\"sc_price_money\">\u20ac<\/span><span class=\"sc_price_period\">pro Jahr<\/span><\/div><\/div><div class=\"sc_price_block_description\">+ einm. Aufnahmegeb\u00fchr: 28,00 Euro<\/div><\/div><\/div><div class=\"column-1_4 sc_column_item sc_column_item_4 even\"><div class=\"sc_price_block sc_price_block_style_1\"><div class=\"sc_price_block_title\">Kinder bis 13 Jahre<\/div><div class=\"sc_price_block_money\"><div class=\"sc_price\"><span class=\"sc_price_currency\">22<\/span><span class=\"sc_price_money\">\u20ac<\/span><span class=\"sc_price_period\">pro Jahr<\/span><\/div><\/div><div class=\"sc_price_block_description\">+ einm. Aufnahmegeb\u00fchr: 25,00 Euro<\/div><\/div><\/div><div class=\"column-1_4 sc_column_item sc_column_item_5 odd\"><div class=\"sc_price_block sc_price_block_style_1\"><div class=\"sc_price_block_title\">Passive Mitglieder<\/div><div class=\"sc_price_block_money\"><div class=\"sc_price\"><span class=\"sc_price_currency\">25<\/span><span class=\"sc_price_money\">\u20ac<\/span><span class=\"sc_price_period\">pro Jahr<\/span><\/div><\/div><\/div><\/div><\/div><\/div>[\/vc_column][\/vc_row]<\/p>\n<\/section>","protected":false},"excerpt":{"rendered":"<p>[vc_row full_width=&#8221;stretch_row&#8221; parallax=&#8221;content-moving&#8221; css=&#8221;.vc_custom_1599986361182{margin-top: -40px !important;background-color: #ffffff !important;}&#8221;][vc_column][\/vc_column][\/vc_row][vc_row full_width=&#8221;stretch_row&#8221; parallax=&#8221;content-moving&#8221;][vc_column][\/vc_column][\/vc_row]<\/p>\n","protected":false},"author":1,"featured_media":0,"parent":0,"menu_order":0,"comment_status":"closed","ping_status":"closed","template":"","meta":[],"_links":{"self":[{"href":"https:\/\/rc-stgeorg.de\/index.php\/wp-json\/wp\/v2\/pages\/293"}],"collection":[{"href":"https:\/\/rc-stgeorg.de\/index.php\/wp-json\/wp\/v2\/pages"}],"about":[{"href":"https:\/\/rc-stgeorg.de\/index.php\/wp-json\/wp\/v2\/types\/page"}],"author":[{"embeddable":true,"href":"https:\/\/rc-stgeorg.de\/index.php\/wp-json\/wp\/v2\/users\/1"}],"replies":[{"embeddable":true,"href":"https:\/\/rc-stgeorg.de\/index.php\/wp-json\/wp\/v2\/comments?post=293"}],"version-history":[{"count":12,"href":"https:\/\/rc-stgeorg.de\/index.php\/wp-json\/wp\/v2\/pages\/293\/revisions"}],"predecessor-version":[{"id":2497,"href":"https:\/\/rc-stgeorg.de\/index.php\/wp-json\/wp\/v2\/pages\/293\/revisions\/2497"}],"wp:attachment":[{"href":"https:\/\/rc-stgeorg.de\/index.php\/wp-json\/wp\/v2\/media?parent=293"}],"curies":[{"name":"wp","href":"https:\/\/api.w.org\/{rel}","templated":true}]}}