{"id":130,"date":"2015-08-28T06:49:44","date_gmt":"2015-08-28T06:49:44","guid":{"rendered":"http:\/\/happy-rider.ancorathemes.com\/?page_id=130"},"modified":"2021-08-06T08:15:21","modified_gmt":"2021-08-06T08:15:21","slug":"startseite","status":"publish","type":"page","link":"https:\/\/rc-stgeorg.de\/","title":{"rendered":"Startseite"},"content":{"rendered":"<section class=\"wpb-content-wrapper\"><p>[vc_row full_width=&#8221;stretch_row&#8221; css=&#8221;.vc_custom_1441794236069{margin-top: -40px !important;background-color: #ffffff !important;}&#8221; el_id=&#8221;home-1&#8243;][vc_column]<div class=\"sc_content content_wrap\" style=\"margin-top:2.6em !important;\"><div class=\"columns_wrap sc_columns columns_nofluid sc_columns_count_2\" style=\"margin-top:1em;\"><div class=\"column-1_2 sc_column_item sc_column_item_1 odd first\">[vc_custom_heading text=&#8221;Willkommen auf unserer Homepage&#8221; font_container=&#8221;tag:h5|font_size:0.933em|text_align:left|color:%234b77e1&#8243; google_fonts=&#8221;font_family:Merriweather%3A300%2C300italic%2Cregular%2Citalic%2C700%2C700italic%2C900%2C900italic|font_style:700%20bold%20regular%3A700%3Anormal&#8221; css=&#8221;.vc_custom_1600160392437{margin-top: 67px !important;margin-bottom: 10px !important;}&#8221;][vc_column_text]<\/p>\n<h2 style=\"font-size: 2em; line-height: 1.5;\">Wir sind der <span style=\"color: #3366ff;\">RC St. Georg G\u00fcnhoven<\/span> und freuen uns, hier \u00fcber unseren <span style=\"color: #3366ff;\">Vereinsalltag<\/span> zu berichten.<\/h2>\n<p>[\/vc_column_text][vc_empty_space height=&#8221;1.75em&#8221;][vc_column_text]Neben dem Highlight, unserem Gro\u00dfen Reitturnier im Oktober, gibt es aktuelle Informationen zu unserer Vereinsarbeit.[\/vc_column_text]<\/div><div class=\"column-1_2 sc_column_item sc_column_item_2 even\"><figure class=\"sc_image  sc_image_shape_square\" style=\"margin-top:2em !important;\"><img src=\"https:\/\/rc-stgeorg.de\/wp-content\/uploads\/2020\/09\/Layer-434.png\" alt=\"\" \/><\/figure><\/div><\/div><\/div>[\/vc_column][\/vc_row][vc_row full_width=&#8221;stretch_row&#8221; parallax=&#8221;content-moving&#8221; parallax_image=&#8221;1372&#8243; disable_element=&#8221;yes&#8221; css=&#8221;.vc_custom_1628237711857{background-image: url(https:\/\/rc-stgeorg.de\/wp-content\/uploads\/2020\/09\/d084a326-04cd-42b7-b4f4-53552e9e3c59-2-e1600596629695.png?id=1376) !important;}&#8221;][vc_column]<div class=\"sc_content content_wrap\" style=\"margin-top:8.25em !important;margin-bottom:10em !important;\">[vc_custom_heading text=&#8221;Gro\u00dfes G\u00fcnhovener Reitturnier&#8221; font_container=&#8221;tag:h2|font_size:4.133em|text_align:center|color:%23ffffff|line_height:1.222&#8243; use_theme_fonts=&#8221;yes&#8221;]<a href=\"https:\/\/rc-stgeorg.de\/index.php\/termin\/grosses-guenhovener-reitturnier\/\" class=\"sc_button sc_button_square sc_button_style_filled sc_button_size_small aligncenter\" style=\"margin-top:1.4em;width:7.6em;\">Jetzt informieren<\/a><\/div>[\/vc_column][\/vc_row][vc_row full_width=&#8221;stretch_row&#8221; parallax=&#8221;content-moving&#8221; parallax_image=&#8221;1308&#8243;][vc_column]<div class=\"sc_content content_wrap\" style=\"margin-top:8.25em !important;margin-bottom:10em !important;\">[vc_custom_heading text=&#8221;Mitglied werden&#8221; font_container=&#8221;tag:h2|font_size:4.133em|text_align:center|color:%23ffffff|line_height:1.222&#8243; use_theme_fonts=&#8221;yes&#8221;]<a href=\"https:\/\/rc-stgeorg.de\/index.php\/mitgliedschaft\/\" class=\"sc_button sc_button_square sc_button_style_filled sc_button_size_small aligncenter\" style=\"margin-top:1.4em;width:7.6em;\">Jetzt informieren<\/a><\/div>[\/vc_column][\/vc_row][vc_row full_width=&#8221;stretch_row&#8221; el_class=&#8221;no-vertical-space&#8221;][vc_column]<div class=\"sc_content content_wrap\" style=\"margin-top:5.65em !important;\"><h5 class=\"sc_title sc_title_underline sc_align_center\" style=\"text-align:center;\">News<\/h5><div id=\"sc_blogger_914360380\" class=\"sc_blogger layout_classic_3 template_masonry  sc_blogger_horizontal\"><div class=\"isotope_wrap\" data-columns=\"3\">\t\t<div class=\"isotope_item isotope_item_classic isotope_item_classic_3 isotope_column_3\t\t\t\t\t\">\n\t\t\t<div class=\"post_item post_item_classic post_item_classic_3\t\t\t\t  post_format_standard odd\">\n\t\t\t\t\n\t\t\t\t\n\n\t\t\t\t<div class=\"post_content isotope_item_content\">\n\t\t\t\t\t\n\t\t\t\t\t\t\t\t\t\t\t\t<h5 class=\"post_title\"><a href=\"https:\/\/rc-stgeorg.de\/index.php\/2026\/05\/04\/zeiteinteilung-fuer-unser-wbo-turnier\/\">Zeiteinteilung f\u00fcr unser WBO-Turnier<\/a><\/h5>\n\t\t\t\t\t\t\t\n\t\t\t\t\t<div class=\"post_descr\">\n\t\t\t\t\t\t<p>Meldeschluss f\u00fcr ALLE Pr\u00fcfungen ist am Samstag!!! Abhaken ist per WhatsApp w\u00e4hrend der...<\/p><a href=\"https:\/\/rc-stgeorg.de\/index.php\/2026\/05\/04\/zeiteinteilung-fuer-unser-wbo-turnier\/\" class=\"sc_button sc_button_square sc_button_style_filled sc_button_size_small\"><span class=\"post_readmore_label\">Weiterlesen<\/span><\/a>\t\t\t\t\t<\/div>\n\n\t\t\t\t<\/div>\t\t\t\t<!-- \/.post_content -->\n\t\t\t<\/div>\t<!-- \/.post_item -->\n\t\t<\/div>\t\t\t\t\t\t<!-- \/.isotope_item -->\n\t\t\t\t<div class=\"isotope_item isotope_item_classic isotope_item_classic_3 isotope_column_3\t\t\t\t\t\">\n\t\t\t<div class=\"post_item post_item_classic post_item_classic_3\t\t\t\t  post_format_standard even\">\n\t\t\t\t\n\t\t\t\t\n\n\t\t\t\t<div class=\"post_content isotope_item_content\">\n\t\t\t\t\t\n\t\t\t\t\t\t\t\t\t\t\t\t<h5 class=\"post_title\"><a href=\"https:\/\/rc-stgeorg.de\/index.php\/2026\/03\/16\/spontaner-playday-fuer-dich-dein-pferd\/\">Spontaner Playday f\u00fcr dich &amp; dein Pferd!<\/a><\/h5>\n\t\t\t\t\t\t\t\t\t\t\t\t<div class=\"post_featured\">\n\t\t\t\t\t\t    <div class=\"post_thumb\" data-image=\"https:\/\/rc-stgeorg.de\/wp-content\/uploads\/2026\/03\/651074691_18079938695457451_525821830430648002_n.jpg\" data-title=\"Spontaner Playday f\u00fcr dich &amp; dein Pferd!\">\n        <a class=\"hover_icon hover_icon_link\" href=\"https:\/\/rc-stgeorg.de\/index.php\/2026\/03\/16\/spontaner-playday-fuer-dich-dein-pferd\/\"><img class=\"wp-post-image\" width=\"390\" height=\"220\" alt=\"Spontaner Playday f\u00fcr dich &amp; dein Pferd!\" src=\"https:\/\/rc-stgeorg.de\/wp-content\/uploads\/2026\/03\/651074691_18079938695457451_525821830430648002_n-780x440.jpg\"><\/a>    <\/div>\n    \t\t\t\t\t<\/div>\n\t\t\t\t\n\t\t\t\t\t<div class=\"post_descr\">\n\t\t\t\t\t\t<p>Lust auf Abwechslung und Training auf einer fremden Reitanlage? Wir laden euch herzlich zu...<\/p><a href=\"https:\/\/rc-stgeorg.de\/index.php\/2026\/03\/16\/spontaner-playday-fuer-dich-dein-pferd\/\" class=\"sc_button sc_button_square sc_button_style_filled sc_button_size_small\"><span class=\"post_readmore_label\">Weiterlesen<\/span><\/a>\t\t\t\t\t<\/div>\n\n\t\t\t\t<\/div>\t\t\t\t<!-- \/.post_content -->\n\t\t\t<\/div>\t<!-- \/.post_item -->\n\t\t<\/div>\t\t\t\t\t\t<!-- \/.isotope_item -->\n\t\t\t\t<div class=\"isotope_item isotope_item_classic isotope_item_classic_3 isotope_column_3\t\t\t\t\t\">\n\t\t\t<div class=\"post_item post_item_classic post_item_classic_3\t\t\t\t  post_format_standard odd last\">\n\t\t\t\t\n\t\t\t\t\n\n\t\t\t\t<div class=\"post_content isotope_item_content\">\n\t\t\t\t\t\n\t\t\t\t\t\t\t\t\t\t\t\t<h5 class=\"post_title\"><a href=\"https:\/\/rc-stgeorg.de\/index.php\/2026\/03\/07\/test\/\">HELFERAUFRUF: Unser WBO-Turnier braucht DICH!<\/a><\/h5>\n\t\t\t\t\t\t\t\t\t\t\t\t<div class=\"post_featured\">\n\t\t\t\t\t\t    <div class=\"post_thumb\" data-image=\"https:\/\/rc-stgeorg.de\/wp-content\/uploads\/2026\/03\/420be55a-5ecb-440d-a67c-59afc0e10597.jpeg\" data-title=\"HELFERAUFRUF: Unser WBO-Turnier braucht DICH!\">\n        <a class=\"hover_icon hover_icon_link\" href=\"https:\/\/rc-stgeorg.de\/index.php\/2026\/03\/07\/test\/\"><img class=\"wp-post-image\" width=\"390\" height=\"220\" alt=\"HELFERAUFRUF: Unser WBO-Turnier braucht DICH!\" src=\"https:\/\/rc-stgeorg.de\/wp-content\/uploads\/2026\/03\/420be55a-5ecb-440d-a67c-59afc0e10597-780x440.jpeg\"><\/a>    <\/div>\n    \t\t\t\t\t<\/div>\n\t\t\t\t\n\t\t\t\t\t<div class=\"post_descr\">\n\t\t\t\t\t\t<p>Am 10.05.2026 ist es endlich soweit: Unser WBO-Turnier steht an! \ud83d\udc34\u2728Ein Tag voller strahlender...<\/p><a href=\"https:\/\/rc-stgeorg.de\/index.php\/2026\/03\/07\/test\/\" class=\"sc_button sc_button_square sc_button_style_filled sc_button_size_small\"><span class=\"post_readmore_label\">Weiterlesen<\/span><\/a>\t\t\t\t\t<\/div>\n\n\t\t\t\t<\/div>\t\t\t\t<!-- \/.post_content -->\n\t\t\t<\/div>\t<!-- \/.post_item -->\n\t\t<\/div>\t\t\t\t\t\t<!-- \/.isotope_item -->\n\t\t<\/div><\/div><\/div>[\/vc_column][\/vc_row]<\/p>\n<\/section>","protected":false},"excerpt":{"rendered":"<p>[vc_row full_width=&#8221;stretch_row&#8221; css=&#8221;.vc_custom_1441794236069{margin-top: -40px !important;background-color: #ffffff !important;}&#8221; el_id=&#8221;home-1&#8243;][vc_column][\/vc_column][\/vc_row][vc_row full_width=&#8221;stretch_row&#8221; parallax=&#8221;content-moving&#8221; parallax_image=&#8221;1372&#8243; disable_element=&#8221;yes&#8221; css=&#8221;.vc_custom_1628237711857{background-image: url(https:\/\/rc-stgeorg.de\/wp-content\/uploads\/2020\/09\/d084a326-04cd-42b7-b4f4-53552e9e3c59-2-e1600596629695.png?id=1376) !important;}&#8221;][vc_column][\/vc_column][\/vc_row][vc_row full_width=&#8221;stretch_row&#8221; parallax=&#8221;content-moving&#8221; parallax_image=&#8221;1308&#8243;][vc_column][\/vc_column][\/vc_row][vc_row full_width=&#8221;stretch_row&#8221; el_class=&#8221;no-vertical-space&#8221;][vc_column][\/vc_column][\/vc_row]<\/p>\n","protected":false},"author":1,"featured_media":0,"parent":0,"menu_order":0,"comment_status":"closed","ping_status":"closed","template":"","meta":[],"_links":{"self":[{"href":"https:\/\/rc-stgeorg.de\/index.php\/wp-json\/wp\/v2\/pages\/130"}],"collection":[{"href":"https:\/\/rc-stgeorg.de\/index.php\/wp-json\/wp\/v2\/pages"}],"about":[{"href":"https:\/\/rc-stgeorg.de\/index.php\/wp-json\/wp\/v2\/types\/page"}],"author":[{"embeddable":true,"href":"https:\/\/rc-stgeorg.de\/index.php\/wp-json\/wp\/v2\/users\/1"}],"replies":[{"embeddable":true,"href":"https:\/\/rc-stgeorg.de\/index.php\/wp-json\/wp\/v2\/comments?post=130"}],"version-history":[{"count":21,"href":"https:\/\/rc-stgeorg.de\/index.php\/wp-json\/wp\/v2\/pages\/130\/revisions"}],"predecessor-version":[{"id":1860,"href":"https:\/\/rc-stgeorg.de\/index.php\/wp-json\/wp\/v2\/pages\/130\/revisions\/1860"}],"wp:attachment":[{"href":"https:\/\/rc-stgeorg.de\/index.php\/wp-json\/wp\/v2\/media?parent=130"}],"curies":[{"name":"wp","href":"https:\/\/api.w.org\/{rel}","templated":true}]}}