{"id":1243,"date":"2020-09-13T07:50:15","date_gmt":"2020-09-13T07:50:15","guid":{"rendered":"https:\/\/dev.rc-stgeorg.de\/?page_id=1243"},"modified":"2021-04-25T11:17:21","modified_gmt":"2021-04-25T11:17:21","slug":"geschichte","status":"publish","type":"page","link":"https:\/\/rc-stgeorg.de\/index.php\/geschichte\/","title":{"rendered":"Geschichte"},"content":{"rendered":"<section class=\"wpb-content-wrapper\"><p>[vc_row full_width=&#8221;stretch_row&#8221; css=&#8221;.vc_custom_1441291443790{margin-top: -40px !important;background-color: #ffffff !important;}&#8221;][vc_column]<div class=\"sc_content content_wrap\" style=\"margin-top:5.8em !important;margin-bottom:5.56em !important;\"><div class=\"columns_wrap sc_columns columns_nofluid sc_columns_count_2\" style=\"margin-top:1em;\"><div class=\"column-1_2 sc_column_item sc_column_item_1 odd first\">[vc_column_text css=&#8221;.vc_custom_1619349436468{margin-top: 30px !important;}&#8221;]<\/p>\n<h2 style=\"font-size: 2.647em; line-height: 1.27em;\">Der Reiterclub St. Georg G\u00fcnhoven wurde im <span style=\"color: #3366ff;\">Herbst 1946<\/span> gegr\u00fcndet.<\/h2>\n<p>[\/vc_column_text][vc_empty_space height=&#8221;1.75em&#8221;][vc_column_text]Zu den Gr\u00fcndungsmitgliedern geh\u00f6rten:<br \/>\nKonrad Busen, Paul Jansen, Josef Jennisssen, Josef Kempers, Heinrich Markett, Toni Rauen, Willi Rauen, Franz Siemes, Willi Siemes und Peter Zimmer. Sp\u00e4ter stie\u00dfen hinzu: Willi Braisch, Heinrich Busen, Johannes Busen, Klaus Gripekoven und Dr. Robert Wilms.[\/vc_column_text]<\/div><div class=\"column-1_2 sc_column_item sc_column_item_2 even\"><figure class=\"sc_image  sc_image_shape_square\"><img src=\"https:\/\/rc-stgeorg.de\/wp-content\/uploads\/2020\/09\/21751317_1874042179579026_1447770396998097721_n.jpg\" alt=\"\" \/><\/figure><\/div><\/div><\/div>[\/vc_column][\/vc_row][vc_row][vc_column]<div class=\"sc_content content_wrap\" style=\"margin-top:3em !important;margin-bottom:1.85em !important;\"><h5 class=\"sc_title sc_title_underline sc_align_center\" style=\"margin-bottom:1.5em;text-align:center;\">Vereinsgeschichte<\/h5>[vc_column_text]Im Herbst 1946, ein Jahr nach dem Krieg, meldete der Landwirt Heinrich Markett aus G\u00fcnhoven den Reiterclub St. Georg G\u00fcnhoven beim Kreisverband der l\u00e4ndlichen Reit und Fahrvereine M\u00f6nchengladbach an. Zu den Gr\u00fcndungsmitgliedern geh\u00f6rten: Konrad Busen, Paul Jansen, Josef Jennisssen, Josef Kempers, Heinrich Markett, Toni Rauen, Willi Rauen, Franz Siemes, Willi Siemes und Peter Zimmer. Sp\u00e4ter stie\u00dfen hinzu: Willi Braisch, Heinrich Busen, Johannes Busen, Klaus Gripekoven und Dr. Robert Wilms.<\/p>\n<p>Am Anfang waren die Ausbildungsm\u00f6glichkeiten sehr bescheiden. Geritten wurde auf einem Stoppelfeld oder auf einer Weide. Die Pferde gingen tags\u00fcber im Geschirr vor Wagen und Egge und nur, wenn die Arbeit getan war, konnte ge\u00fcbt werden. In den Jahren 1950 bis 1970 stellten sich dann sehr sch\u00f6ne sportliche Erfolge ein. In diesen Jahren kam die G\u00fcnhovener Mannschaft von keinem Turnier mehr nach Hause, ohne Siege und Plazierungen erreicht zu haben. 1969 fand der Verein endg\u00fcltig eine Heimst\u00e4tte durch die neu errichtete Halle des Landwirtes Albert Karsch &#8211; selbst ein begeisteter Reiter und Pferdez\u00fcchter. 1971 wurde die Reithalle noch durch den Anbau eines Clubhauses mit Toilettenanlage erweitert.<\/p>\n<p>Im Jahre 1974, am 15. September, fand dann das erste gro\u00dfe offizielle Turnier des Reiterclubs St. Georg G\u00fcnhoven statt. Dieses j\u00e4hrliche gro\u00dfe Turnier ist, mit wenigen Ausnahmen, bis heute Tradition geblieben. Die sportlichen Leistungen wuchsen und auch die Mitgliederzahlen. 1978 wurde dann auf der Reitanlage Karsch eine neue gro\u00dfe Reithalle mit den Abmessungen 45x21m fertiggestellt. Auch diese Halle konnte von den Vereinsmitgliedern mit genutzt werden, auch f\u00fcr sportliche Veranstaltungen. Jetzt konnte auch das j\u00e4hrliche gro\u00dfe Turnier durch Dressurpr\u00fcfungen der Klasse M erweitert werden.<\/p>\n<p>1978 war unsere Jugendmannschaft, betreut von Heinz Karsch, erstmals beim Kreisturnier in Wickrath sehr erfolgreich und erreichte den ersten Platz und errang den Kreisjugendwimpel. Die Erfolge h\u00e4uften sich und es konnten mehrere Jugend- und Seniorenmannschaften f\u00fcr Dressur und Springen gebildet werden. Ein neuer Stern am G\u00fcnhovener Reiterhimmel ging mit Willi Theelen und seinem Pferd Garant auf. Als Eigengew\u00e4chs des Vereins und bereits seit Kindesbeinen auf dem R\u00fccken der Pferde zu finden, hatte er mit Garant sein Idealpferd gefunden. Sie bescherten sich und dem Verein wundersch\u00f6ne Erfolge in der Dressur bis Klasse M.<\/p>\n<p>Im Jahre 1991 gab dann Heinrich Markett nach vielen Jahren aktiver und erfolgreicher Arbeit f\u00fcr den Reiterclub den Vorsitz ab. Seine Verdienste um den Verein sind besonders gro\u00df. Er war nicht nur Gr\u00fcnder des Vereins, sondern nahezu 20 Jahre der 1. Vorsitzende. In seiner Zeit wurde der Verein gro\u00df und bekannt. Die Mitglieder ernannten ihn zum Ehrenvorsitzenden.[\/vc_column_text]<\/div>[\/vc_column][\/vc_row]<\/p>\n<\/section>","protected":false},"excerpt":{"rendered":"<p>[vc_row full_width=&#8221;stretch_row&#8221; css=&#8221;.vc_custom_1441291443790{margin-top: -40px !important;background-color: #ffffff !important;}&#8221;][vc_column][\/vc_column][\/vc_row][vc_row][vc_column][\/vc_column][\/vc_row]<\/p>\n","protected":false},"author":1,"featured_media":0,"parent":0,"menu_order":0,"comment_status":"closed","ping_status":"closed","template":"","meta":[],"_links":{"self":[{"href":"https:\/\/rc-stgeorg.de\/index.php\/wp-json\/wp\/v2\/pages\/1243"}],"collection":[{"href":"https:\/\/rc-stgeorg.de\/index.php\/wp-json\/wp\/v2\/pages"}],"about":[{"href":"https:\/\/rc-stgeorg.de\/index.php\/wp-json\/wp\/v2\/types\/page"}],"author":[{"embeddable":true,"href":"https:\/\/rc-stgeorg.de\/index.php\/wp-json\/wp\/v2\/users\/1"}],"replies":[{"embeddable":true,"href":"https:\/\/rc-stgeorg.de\/index.php\/wp-json\/wp\/v2\/comments?post=1243"}],"version-history":[{"count":11,"href":"https:\/\/rc-stgeorg.de\/index.php\/wp-json\/wp\/v2\/pages\/1243\/revisions"}],"predecessor-version":[{"id":1570,"href":"https:\/\/rc-stgeorg.de\/index.php\/wp-json\/wp\/v2\/pages\/1243\/revisions\/1570"}],"wp:attachment":[{"href":"https:\/\/rc-stgeorg.de\/index.php\/wp-json\/wp\/v2\/media?parent=1243"}],"curies":[{"name":"wp","href":"https:\/\/api.w.org\/{rel}","templated":true}]}}