{"id":1232,"date":"2020-09-12T17:21:42","date_gmt":"2020-09-12T17:21:42","guid":{"rendered":"https:\/\/dev.rc-stgeorg.de\/?page_id=1232"},"modified":"2024-04-23T10:29:43","modified_gmt":"2024-04-23T10:29:43","slug":"kontakt","status":"publish","type":"page","link":"https:\/\/rc-stgeorg.de\/index.php\/kontakt\/","title":{"rendered":"Kontakt"},"content":{"rendered":"<section class=\"wpb-content-wrapper\"><p>[vc_row][vc_column]<div class=\"map_wrapper\"><div id=\"sc_googlemap_820520279\" class=\"sc_googlemap\" style=\"width:100%;height:240px;\" data-zoom=\"15\" data-style=\"default\"><iframe src=\"https:\/\/maps.google.com\/maps?t=m&output=embed&iwloc=near&z=15&q=Voosener+Str.+61%2C+41179+M%C3%B6nchengladbach\" scrolling=\"no\" marginheight=\"0\" marginwidth=\"0\" frameborder=\"0\" aria-label=\"\"><\/iframe><\/div><h1 class=\"sc_title sc_title_regular\"><\/p>\n<h3>Kontakt<\/h3>\n<p>Wir hoffen Sie f\u00fcr unseren Verein begeistert zu haben und w\u00fcrden uns freuen von Ihnen zu h\u00f6ren.<br \/>\nF\u00fcr allgemeine Informationen zum Verein, Turnieren oder Anmeldungen wenden Sie sich bitte an<br \/>\nMarco Piepenbring.<\/h1>[vc_column_text]<strong>Wir sind erreichbar per Mail unter: <span style=\"color: #3366ff;\"><a style=\"color: #3366ff;\" href=\"mailto:mail@rc-stgeorg.de\">mail@rc-stgeorg.de<\/a><\/span><\/strong>[\/vc_column_text][\/vc_column][\/vc_row][vc_row][vc_column][vc_empty_space height=&#8221;400px&#8221;][\/vc_column][\/vc_row]<\/p>\n<\/section>","protected":false},"excerpt":{"rendered":"<p>[vc_row][vc_column][vc_column_text]Wir sind erreichbar per Mail unter: mail@rc-stgeorg.de[\/vc_column_text][\/vc_column][\/vc_row][vc_row][vc_column][vc_empty_space height=&#8221;400px&#8221;][\/vc_column][\/vc_row]<\/p>\n","protected":false},"author":1,"featured_media":0,"parent":0,"menu_order":0,"comment_status":"closed","ping_status":"closed","template":"","meta":[],"_links":{"self":[{"href":"https:\/\/rc-stgeorg.de\/index.php\/wp-json\/wp\/v2\/pages\/1232"}],"collection":[{"href":"https:\/\/rc-stgeorg.de\/index.php\/wp-json\/wp\/v2\/pages"}],"about":[{"href":"https:\/\/rc-stgeorg.de\/index.php\/wp-json\/wp\/v2\/types\/page"}],"author":[{"embeddable":true,"href":"https:\/\/rc-stgeorg.de\/index.php\/wp-json\/wp\/v2\/users\/1"}],"replies":[{"embeddable":true,"href":"https:\/\/rc-stgeorg.de\/index.php\/wp-json\/wp\/v2\/comments?post=1232"}],"version-history":[{"count":20,"href":"https:\/\/rc-stgeorg.de\/index.php\/wp-json\/wp\/v2\/pages\/1232\/revisions"}],"predecessor-version":[{"id":4693,"href":"https:\/\/rc-stgeorg.de\/index.php\/wp-json\/wp\/v2\/pages\/1232\/revisions\/4693"}],"wp:attachment":[{"href":"https:\/\/rc-stgeorg.de\/index.php\/wp-json\/wp\/v2\/media?parent=1232"}],"curies":[{"name":"wp","href":"https:\/\/api.w.org\/{rel}","templated":true}]}}